{"id":1279,"date":"2020-11-21T12:51:43","date_gmt":"2020-11-21T10:51:43","guid":{"rendered":"https:\/\/eduardobortolotti.com\/product\/cd\/"},"modified":"2021-04-01T16:31:31","modified_gmt":"2021-04-01T14:31:31","slug":"cd","status":"publish","type":"product","link":"https:\/\/eduardobortolotti.com\/pl\/produkt\/cd\/","title":{"rendered":"Huapango Nights (CD)"},"content":{"rendered":"<h3>KUP ALBUM JU\u017b DZISIAJ!<\/h3>\n<p>&nbsp;<\/p>\n<p>\u201eHuapango Nights\u201d to debiut fonograficzny Eduardo Bortolottiego, skrzypka jazzowego meksyka\u0144skiego pochodzenia. Album, w swojej nazwie nawi\u0105zuj\u0105cy do ludowego gatunku muzycznego, podsumowuje jego o\u015bmioletni pobyt w Polsce i jest po\u0142\u0105czeniem zaplecza folklorystycznego z brzmieniem jazzowym. Skrzypek, kompozytor i aran\u017cer do wsp\u00f3\u0142pracy w projekcie zaprasza m\u0142odych i zdolnych muzyk\u00f3w jazzowych i ludowych, a ka\u017cdy z nich wnosi sw\u00f3j kluczowy element do jako\u015bci ca\u0142ego albumu. Kolumbijczyk Edilson Sanchez gra na basie \u0142\u0105cz\u0105c rytmy jazzowe z latynoskimi, a nowoczesnego wyrazu jazzowego w harmonii nadaje Mateusz Sobiechowski, graj\u0105cy na fortepianie. Polsko-latynoskiej<br \/>\nekspresji daje wyraz perkusista Bartek Staromiejski, a niezwykle wa\u017cny element ludowy zapewnia Meksykanin Alberto Suazo, kt\u00f3ry gra na tradycyjnych instrumentach typu: jarana, szcz\u0119ka os\u0142a czy<br \/>\nprzedkolumbijskie okaryny.<\/p>\n<p>Tworz\u0105c \u201eHuapango Nights\u201d najwa\u017cniejsze dla Eduardo Bortolottiego by\u0142o ukazanie jego meksyka\u0144skich korzeni w nowoczesnej ods\u0142onie jazzowej. Jest to bardzo osobista podr\u00f3\u017c muzyczna, kt\u00f3ra podsumowuje okres od pocz\u0105tku jego kariery muzycznej, jeszcze w rodzinnej Puebli, do obecnych czas\u00f3w, w kt\u00f3rych pandemia ograniczy\u0142a mo\u017cliwo\u015bci wyrazu artystycznego. St\u0105d te\u017c na albumie znajduj\u0105 si\u0119 utwory, kt\u00f3re s\u0105 aran\u017cacjami meksyka\u0144skiej muzyki ludowej, a tak\u017ce autorskimi kompozycjami jazzowymi stworzonymi w Polsce na przestrzeni lat oraz w ostatnim roku 2020.<\/p>\n<p>Lista utwor\u00f3w:<\/p>\n<p>01. La Bruja [ 6:20 ]<br \/>\n02. Prelude to Xochipilli [ 1:40 ]<br \/>\n03. Cenzontle [ 5:34 ]<br \/>\n04. Altered Times [ 5:00 ]<br \/>\n05. El Cascabel [ 4:53 ]<br \/>\n06. Cansao [ 4:43 ]<br \/>\n07. Huapango Nights [ 4:40 ]<br \/>\n08. La Llorona [ 4:55 ]<br \/>\n09. All\u00e1 en el Rancho Grande [ 4:37 ]<\/p>\n<p>&nbsp;<\/p>\n<p><strong>Eduardo Bortolotti<\/strong>. skrzypce, okaryny [02. &amp; 03.]<br \/>\n<strong>Mateusz Sobiechowski<\/strong>. fortepian i instrumenty klawiszowe<br \/>\n<strong>Edilson Sanchez<\/strong>. gitara basowa<br \/>\n<strong>Bartek Staromiejski<\/strong>. perkusja<br \/>\n<strong>Alberto Suazo<\/strong>. <em>jarana<\/em> [01. &amp; 09.] szcz\u0119ka os\u0142a [05.] okaryny [02. &amp; 03.]<\/p>\n","protected":false},"excerpt":{"rendered":"<p>ZAM\u00d3W P\u0141YT\u0118 JU\u017b DZI\u015a!<\/p>\n","protected":false},"featured_media":1953,"template":"","meta":{"sfsi_plus_gutenberg_text_before_share":"","sfsi_plus_gutenberg_show_text_before_share":"","sfsi_plus_gutenberg_icon_type":"","sfsi_plus_gutenberg_icon_alignemt":"","sfsi_plus_gutenburg_max_per_row":""},"product_brand":[],"product_cat":[77],"product_tag":[],"class_list":{"0":"post-1279","1":"product","2":"type-product","3":"status-publish","4":"has-post-thumbnail","6":"product_cat-muyzka","8":"first","9":"instock","10":"sale","11":"sold-individually","12":"shipping-taxable","13":"purchasable","14":"product-type-simple"},"_links":{"self":[{"href":"https:\/\/eduardobortolotti.com\/pl\/wp-json\/wp\/v2\/product\/1279","targetHints":{"allow":["GET"]}}],"collection":[{"href":"https:\/\/eduardobortolotti.com\/pl\/wp-json\/wp\/v2\/product"}],"about":[{"href":"https:\/\/eduardobortolotti.com\/pl\/wp-json\/wp\/v2\/types\/product"}],"wp:featuredmedia":[{"embeddable":true,"href":"https:\/\/eduardobortolotti.com\/pl\/wp-json\/wp\/v2\/media\/1953"}],"wp:attachment":[{"href":"https:\/\/eduardobortolotti.com\/pl\/wp-json\/wp\/v2\/media?parent=1279"}],"wp:term":[{"taxonomy":"product_brand","embeddable":true,"href":"https:\/\/eduardobortolotti.com\/pl\/wp-json\/wp\/v2\/product_brand?post=1279"},{"taxonomy":"product_cat","embeddable":true,"href":"https:\/\/eduardobortolotti.com\/pl\/wp-json\/wp\/v2\/product_cat?post=1279"},{"taxonomy":"product_tag","embeddable":true,"href":"https:\/\/eduardobortolotti.com\/pl\/wp-json\/wp\/v2\/product_tag?post=1279"}],"curies":[{"name":"wp","href":"https:\/\/api.w.org\/{rel}","templated":true}]}}