{"id":2359,"date":"2021-04-01T17:16:53","date_gmt":"2021-04-01T15:16:53","guid":{"rendered":"https:\/\/eduardobortolotti.com\/product\/jazz-violin-lessons\/"},"modified":"2026-04-01T09:40:14","modified_gmt":"2026-04-01T07:40:14","slug":"lecciones","status":"publish","type":"product","link":"https:\/\/eduardobortolotti.com\/es\/producto\/lecciones\/","title":{"rendered":"Lecciones de Jazz e Improvisaci\u00f3n"},"content":{"rendered":"<h3 style=\"text-align: center;\">APRENDE A TOCAR JAZZ, POP, ROCK<\/h3>\n<h3 style=\"text-align: center;\">Y OTROS G\u00c9NEROS EN EL VIOL\u00cdN <strong><img decoding=\"async\" class=\"emoji aligncenter\" role=\"img\" draggable=\"false\" src=\"https:\/\/s.w.org\/images\/core\/emoji\/13.1.0\/svg\/1f3bb.svg\" alt=\"\ud83c\udfbb\" \/><\/strong><\/h3>\n<h3 style=\"text-align: center;\">CON EDUARDO BORTOLOTTI<\/h3>\n<p>&nbsp;<\/p>\n<h4 style=\"text-align: center;\"><b>Violinista de jazz y m\u00fasica contempor\u00e1nea. <\/b><b><br \/>\n<\/b><b>Enfocado principalmente a la difusi\u00f3n y educaci\u00f3n <\/b><b><br \/>\n<\/b><b>del jazz en el viol\u00edn.<\/b><\/h4>\n<p style=\"text-align: center;\"><i><span style=\"font-weight: 400;\"><br \/>\n<\/span><\/i><img fetchpriority=\"high\" decoding=\"async\" class=\"size-medium wp-image-1884 aligncenter\" src=\"https:\/\/eduardobortolotti.com\/wp-content\/uploads\/2021\/01\/ONLINE-LESSONS-300x275.jpg\" alt=\"\" width=\"300\" height=\"275\" srcset=\"https:\/\/eduardobortolotti.com\/wp-content\/uploads\/2021\/01\/ONLINE-LESSONS-300x275.jpg 300w, https:\/\/eduardobortolotti.com\/wp-content\/uploads\/2021\/01\/ONLINE-LESSONS-1024x937.jpg 1024w, https:\/\/eduardobortolotti.com\/wp-content\/uploads\/2021\/01\/ONLINE-LESSONS-768x703.jpg 768w, https:\/\/eduardobortolotti.com\/wp-content\/uploads\/2021\/01\/ONLINE-LESSONS-1536x1406.jpg 1536w, https:\/\/eduardobortolotti.com\/wp-content\/uploads\/2021\/01\/ONLINE-LESSONS-2048x1875.jpg 2048w, https:\/\/eduardobortolotti.com\/wp-content\/uploads\/2021\/01\/ONLINE-LESSONS-600x549.jpg 600w, https:\/\/eduardobortolotti.com\/wp-content\/uploads\/2021\/01\/ONLINE-LESSONS-66x60.jpg 66w, https:\/\/eduardobortolotti.com\/wp-content\/uploads\/2021\/01\/ONLINE-LESSONS-98x90.jpg 98w\" sizes=\"(max-width: 300px) 100vw, 300px\" \/><i><\/i><\/p>\n<p style=\"text-align: center;\"><i><span style=\"font-weight: 400;\"><br \/>\nBusco no solo ense\u00f1ar a mis alumnos las habilidades que desean adquirir, sino tambi\u00e9n mos<\/span><\/i><i><span style=\"font-weight: 400;\">trarles c\u00f3mo aprender y determinar por s\u00ed mismos qu\u00e9 es lo que necesitan o desean adquirir para su desarrollo.<\/span><\/i><\/p>\n<p>&nbsp;<\/p>\n<p style=\"text-align: center;\">\ud83d\udcbb Lecci\u00f3n Online por Zoom.<br \/>\nRecibe la <strong>grabaci\u00f3n de la lecci\u00f3n<\/strong> para que puedas estudiar lo aprendido en la reuni\u00f3n.<\/p>\n<p style=\"text-align: center;\">\ud83d\udcc3 Despu\u00e9s de realizar el pago, recibir\u00e1s un enlace al calendario con la disponibilidad de horarios y <strong>agenda la hora que mejor te convenga<\/strong>.<\/p>\n<p style=\"text-align: center;\">\u23f0 Duraci\u00f3n: Si es parte de una serie de lecciones,<br \/>\nla clase tiene una duraci\u00f3n aprox. de 50 minutos.<br \/>\nSi es tu primera lecci\u00f3n conmigo <strong>recibes 15 minutos<\/strong> previamente,<br \/>\npara hablar y conocer mejor tu nivel y tus expectativas.<\/p>\n<p style=\"text-align: center;\">\ud83d\udcb2 <strong>Precio promocional<\/strong> en pesos mexicanos:<br \/>\n<strong>$500 MXN <\/strong>por tiempo limitado<\/p>\n","protected":false},"excerpt":{"rendered":"<p>Aprende a tocar jazz, pop, rock y otros g\u00e9neros en el viol\u00edn con Eduardo Bortolotti. <strong><img decoding=\"async\" class=\"emoji alignleft\" role=\"img\" draggable=\"false\" src=\"https:\/\/s.w.org\/images\/core\/emoji\/13.1.0\/svg\/1f3bb.svg\" alt=\"\ud83c\udfbb\" \/><br \/>\n<\/strong>\u00a1Reserva tu clase de jazz violin hoy mismo!<\/p>\n","protected":false},"featured_media":2943,"template":"","meta":{"sfsi_plus_gutenberg_text_before_share":"","sfsi_plus_gutenberg_show_text_before_share":"","sfsi_plus_gutenberg_icon_type":"","sfsi_plus_gutenberg_icon_alignemt":"","sfsi_plus_gutenburg_max_per_row":""},"product_brand":[],"product_cat":[78],"product_tag":[],"class_list":{"0":"post-2359","1":"product","2":"type-product","3":"status-publish","4":"has-post-thumbnail","6":"product_cat-musica","8":"first","9":"instock","10":"sale","11":"virtual","12":"sold-individually","13":"purchasable","14":"product-type-simple"},"_links":{"self":[{"href":"https:\/\/eduardobortolotti.com\/es\/wp-json\/wp\/v2\/product\/2359","targetHints":{"allow":["GET"]}}],"collection":[{"href":"https:\/\/eduardobortolotti.com\/es\/wp-json\/wp\/v2\/product"}],"about":[{"href":"https:\/\/eduardobortolotti.com\/es\/wp-json\/wp\/v2\/types\/product"}],"wp:featuredmedia":[{"embeddable":true,"href":"https:\/\/eduardobortolotti.com\/es\/wp-json\/wp\/v2\/media\/2943"}],"wp:attachment":[{"href":"https:\/\/eduardobortolotti.com\/es\/wp-json\/wp\/v2\/media?parent=2359"}],"wp:term":[{"taxonomy":"product_brand","embeddable":true,"href":"https:\/\/eduardobortolotti.com\/es\/wp-json\/wp\/v2\/product_brand?post=2359"},{"taxonomy":"product_cat","embeddable":true,"href":"https:\/\/eduardobortolotti.com\/es\/wp-json\/wp\/v2\/product_cat?post=2359"},{"taxonomy":"product_tag","embeddable":true,"href":"https:\/\/eduardobortolotti.com\/es\/wp-json\/wp\/v2\/product_tag?post=2359"}],"curies":[{"name":"wp","href":"https:\/\/api.w.org\/{rel}","templated":true}]}}