{"id":2253,"date":"2021-03-24T13:50:58","date_gmt":"2021-03-24T11:50:58","guid":{"rendered":"https:\/\/eduardobortolotti.com\/singular-sound\/"},"modified":"2021-03-28T18:42:03","modified_gmt":"2021-03-28T16:42:03","slug":"singular-sound","status":"publish","type":"page","link":"https:\/\/eduardobortolotti.com\/es\/singular-sound\/","title":{"rendered":"Singular Sound"},"content":{"rendered":"\t\t<div data-elementor-type=\"wp-page\" data-elementor-id=\"2253\" class=\"elementor elementor-2253 elementor-2162\">\n\t\t\t\t\t\t<section class=\"elementor-section elementor-top-section elementor-element elementor-element-e46427f elementor-section-stretched elementor-section-boxed elementor-section-height-default elementor-section-height-default\" data-id=\"e46427f\" data-element_type=\"section\" data-e-type=\"section\" data-settings=\"{&quot;stretch_section&quot;:&quot;section-stretched&quot;}\">\n\t\t\t\t\t\t<div class=\"elementor-container elementor-column-gap-default\">\n\t\t\t\t\t<div class=\"elementor-column elementor-col-100 elementor-top-column elementor-element elementor-element-e129243\" data-id=\"e129243\" data-element_type=\"column\" data-e-type=\"column\">\n\t\t\t<div class=\"elementor-widget-wrap elementor-element-populated\">\n\t\t\t\t\t\t<div class=\"elementor-element elementor-element-464ee64 elementor-widget elementor-widget-heading\" data-id=\"464ee64\" data-element_type=\"widget\" data-e-type=\"widget\" data-widget_type=\"heading.default\">\n\t\t\t\t<div class=\"elementor-widget-container\">\n\t\t\t\t\t<h1 class=\"elementor-heading-title elementor-size-default\">AEROS \nLoop Studio<\/h1>\t\t\t\t<\/div>\n\t\t\t\t<\/div>\n\t\t\t\t<section class=\"elementor-section elementor-inner-section elementor-element elementor-element-aa1eed5 elementor-section-boxed elementor-section-height-default elementor-section-height-default\" data-id=\"aa1eed5\" data-element_type=\"section\" data-e-type=\"section\">\n\t\t\t\t\t\t<div class=\"elementor-container elementor-column-gap-default\">\n\t\t\t\t\t<div class=\"elementor-column elementor-col-50 elementor-inner-column elementor-element elementor-element-df66fb2\" data-id=\"df66fb2\" data-element_type=\"column\" data-e-type=\"column\">\n\t\t\t<div class=\"elementor-widget-wrap elementor-element-populated\">\n\t\t\t\t\t\t<div class=\"elementor-element elementor-element-85c957b elementor-invisible elementor-widget elementor-widget-text-editor\" data-id=\"85c957b\" data-element_type=\"widget\" data-e-type=\"widget\" data-settings=\"{&quot;_animation&quot;:&quot;fadeInDown&quot;}\" data-widget_type=\"text-editor.default\">\n\t\t\t\t<div class=\"elementor-widget-container\">\n\t\t\t\t\t\t\t\t\t<h2 style=\"text-align: center;\">Eduardo es uno de los embajadores de <br \/><strong>SINGULAR SOUND<\/strong>.<\/h2><h2 style=\"text-align: center;\">El <strong>AEROS Loop Studio <br \/><\/strong>junto al <strong>BeatBuddy <br \/><\/strong>han llevado el proceso de hacer loops en el viol\u00edn al siguiente nivel.<\/h2>\t\t\t\t\t\t\t\t<\/div>\n\t\t\t\t<\/div>\n\t\t\t\t\t<\/div>\n\t\t<\/div>\n\t\t\t\t<div class=\"elementor-column elementor-col-50 elementor-inner-column elementor-element elementor-element-fc1e371\" data-id=\"fc1e371\" data-element_type=\"column\" data-e-type=\"column\">\n\t\t\t<div class=\"elementor-widget-wrap elementor-element-populated\">\n\t\t\t\t\t\t<div class=\"elementor-element elementor-element-a51b390 animated-slow elementor-invisible elementor-widget elementor-widget-video\" data-id=\"a51b390\" data-element_type=\"widget\" data-e-type=\"widget\" data-settings=\"{&quot;youtube_url&quot;:&quot;https:\\\/\\\/youtu.be\\\/DA9ih-zJ4-c&quot;,&quot;autoplay&quot;:&quot;yes&quot;,&quot;loop&quot;:&quot;yes&quot;,&quot;_animation&quot;:&quot;fadeInRight&quot;,&quot;play_on_mobile&quot;:&quot;yes&quot;,&quot;video_type&quot;:&quot;youtube&quot;}\" data-widget_type=\"video.default\">\n\t\t\t\t<div class=\"elementor-widget-container\">\n\t\t\t\t\t\t\t<div class=\"elementor-wrapper elementor-open-inline\">\n\t\t\t<div class=\"elementor-video\"><\/div>\t\t<\/div>\n\t\t\t\t\t\t<\/div>\n\t\t\t\t<\/div>\n\t\t\t\t\t<\/div>\n\t\t<\/div>\n\t\t\t\t\t<\/div>\n\t\t<\/section>\n\t\t\t\t\t<\/div>\n\t\t<\/div>\n\t\t\t\t\t<\/div>\n\t\t<\/section>\n\t\t\t\t<section class=\"elementor-section elementor-top-section elementor-element elementor-element-b86393b elementor-section-boxed elementor-section-height-default elementor-section-height-default\" data-id=\"b86393b\" data-element_type=\"section\" data-e-type=\"section\">\n\t\t\t\t\t\t<div class=\"elementor-container elementor-column-gap-default\">\n\t\t\t\t\t<div class=\"elementor-column elementor-col-100 elementor-top-column elementor-element elementor-element-6e6400e\" data-id=\"6e6400e\" data-element_type=\"column\" data-e-type=\"column\">\n\t\t\t<div class=\"elementor-widget-wrap elementor-element-populated\">\n\t\t\t\t\t\t<div class=\"elementor-element elementor-element-c3e3762 elementor-view-default elementor-widget elementor-widget-icon\" data-id=\"c3e3762\" data-element_type=\"widget\" data-e-type=\"widget\" data-widget_type=\"icon.default\">\n\t\t\t\t<div class=\"elementor-widget-container\">\n\t\t\t\t\t\t\t<div class=\"elementor-icon-wrapper\">\n\t\t\t<div class=\"elementor-icon\">\n\t\t\t<i aria-hidden=\"true\" class=\"fas fa-store\"><\/i>\t\t\t<\/div>\n\t\t<\/div>\n\t\t\t\t\t\t<\/div>\n\t\t\t\t<\/div>\n\t\t\t\t<div class=\"elementor-element elementor-element-1a51eec elementor-invisible elementor-widget elementor-widget-heading\" data-id=\"1a51eec\" data-element_type=\"widget\" data-e-type=\"widget\" data-settings=\"{&quot;_animation&quot;:&quot;fadeInUp&quot;}\" data-widget_type=\"heading.default\">\n\t\t\t\t<div class=\"elementor-widget-container\">\n\t\t\t\t\t<h2 class=\"elementor-heading-title elementor-size-default\"><a href=\"https:\/\/singularsound.com\/product\/aeros-loop-studio\/?ap_id=ViolinVersatil10\">10% DE DESCUENTO USANDO EL C\u00d3DIGO:\n<b>ViolinVersatil10<\/b><\/a><\/h2>\t\t\t\t<\/div>\n\t\t\t\t<\/div>\n\t\t\t\t<div class=\"elementor-element elementor-element-05b337a elementor-widget elementor-widget-image\" data-id=\"05b337a\" data-element_type=\"widget\" data-e-type=\"widget\" data-widget_type=\"image.default\">\n\t\t\t\t<div class=\"elementor-widget-container\">\n\t\t\t\t\t\t\t\t\t\t\t\t<figure class=\"wp-caption\">\n\t\t\t\t\t\t\t\t\t\t\t<a href=\"https:\/\/singularsound.com\/product\/aeros-loop-studio\/?ap_id=ViolinVersatil10\">\n\t\t\t\t\t\t\t<img fetchpriority=\"high\" decoding=\"async\" width=\"720\" height=\"503\" src=\"https:\/\/eduardobortolotti.com\/wp-content\/uploads\/2021\/03\/AEROS-1024x715.png\" class=\"attachment-large size-large wp-image-2192\" alt=\"\" srcset=\"https:\/\/eduardobortolotti.com\/wp-content\/uploads\/2021\/03\/AEROS-1024x715.png 1024w, https:\/\/eduardobortolotti.com\/wp-content\/uploads\/2021\/03\/AEROS-300x210.png 300w, https:\/\/eduardobortolotti.com\/wp-content\/uploads\/2021\/03\/AEROS-768x537.png 768w, https:\/\/eduardobortolotti.com\/wp-content\/uploads\/2021\/03\/AEROS-1536x1073.png 1536w, https:\/\/eduardobortolotti.com\/wp-content\/uploads\/2021\/03\/AEROS-600x419.png 600w, https:\/\/eduardobortolotti.com\/wp-content\/uploads\/2021\/03\/AEROS-86x60.png 86w, https:\/\/eduardobortolotti.com\/wp-content\/uploads\/2021\/03\/AEROS-129x90.png 129w, https:\/\/eduardobortolotti.com\/wp-content\/uploads\/2021\/03\/AEROS.png 1546w\" sizes=\"(max-width: 720px) 100vw, 720px\" \/>\t\t\t\t\t\t\t\t<\/a>\n\t\t\t\t\t\t\t\t\t\t\t<figcaption class=\"widget-image-caption wp-caption-text\">C\u00d3DIGO: ViolinVersatil10<\/figcaption>\n\t\t\t\t\t\t\t\t\t\t<\/figure>\n\t\t\t\t\t\t\t\t\t<\/div>\n\t\t\t\t<\/div>\n\t\t\t\t<div class=\"elementor-element elementor-element-1667c9d elementor-widget elementor-widget-text-editor\" data-id=\"1667c9d\" data-element_type=\"widget\" data-e-type=\"widget\" data-widget_type=\"text-editor.default\">\n\t\t\t\t<div class=\"elementor-widget-container\">\n\t\t\t\t\t\t\t\t\t<h6 style=\"text-align: center;\">Como parte de la asociaci\u00f3n, Singular Sound ofrece un descuento especial para todos los m\u00fasicos recomendados por el programa educativo de E. Bortolotti.<\/h6>\t\t\t\t\t\t\t\t<\/div>\n\t\t\t\t<\/div>\n\t\t\t\t\t<\/div>\n\t\t<\/div>\n\t\t\t\t\t<\/div>\n\t\t<\/section>\n\t\t\t\t<section class=\"elementor-section elementor-top-section elementor-element elementor-element-c7bc804 elementor-section-boxed elementor-section-height-default elementor-section-height-default\" data-id=\"c7bc804\" data-element_type=\"section\" data-e-type=\"section\">\n\t\t\t\t\t\t<div class=\"elementor-container elementor-column-gap-default\">\n\t\t\t\t\t<div class=\"elementor-column elementor-col-100 elementor-top-column elementor-element elementor-element-5f6e40f\" data-id=\"5f6e40f\" data-element_type=\"column\" data-e-type=\"column\">\n\t\t\t<div class=\"elementor-widget-wrap elementor-element-populated\">\n\t\t\t\t\t\t<div class=\"elementor-element elementor-element-884f1fc elementor-widget elementor-widget-text-editor\" data-id=\"884f1fc\" data-element_type=\"widget\" data-e-type=\"widget\" data-widget_type=\"text-editor.default\">\n\t\t\t\t<div class=\"elementor-widget-container\">\n\t\t\t\t\t\t\t\t\t<h6 style=\"text-align: center;\">Obt\u00e9n un descuento especial en todos los productos usando el c\u00f3digo<br \/>ViolinVersatil10<br \/>durante la p\u00e1gina de pago.<\/h6>\t\t\t\t\t\t\t\t<\/div>\n\t\t\t\t<\/div>\n\t\t\t\t<div class=\"elementor-element elementor-element-3c16934 elementor-widget elementor-widget-image\" data-id=\"3c16934\" data-element_type=\"widget\" data-e-type=\"widget\" data-widget_type=\"image.default\">\n\t\t\t\t<div class=\"elementor-widget-container\">\n\t\t\t\t\t\t\t\t\t\t\t\t\t\t\t<img decoding=\"async\" width=\"720\" height=\"699\" src=\"https:\/\/eduardobortolotti.com\/wp-content\/uploads\/2021\/03\/ViolinVersatil10.jpg\" class=\"attachment-large size-large wp-image-2195\" alt=\"\" srcset=\"https:\/\/eduardobortolotti.com\/wp-content\/uploads\/2021\/03\/ViolinVersatil10.jpg 861w, https:\/\/eduardobortolotti.com\/wp-content\/uploads\/2021\/03\/ViolinVersatil10-300x291.jpg 300w, https:\/\/eduardobortolotti.com\/wp-content\/uploads\/2021\/03\/ViolinVersatil10-768x746.jpg 768w, https:\/\/eduardobortolotti.com\/wp-content\/uploads\/2021\/03\/ViolinVersatil10-600x583.jpg 600w, https:\/\/eduardobortolotti.com\/wp-content\/uploads\/2021\/03\/ViolinVersatil10-62x60.jpg 62w, https:\/\/eduardobortolotti.com\/wp-content\/uploads\/2021\/03\/ViolinVersatil10-93x90.jpg 93w\" sizes=\"(max-width: 720px) 100vw, 720px\" \/>\t\t\t\t\t\t\t\t\t\t\t\t\t\t\t<\/div>\n\t\t\t\t<\/div>\n\t\t\t\t\t<\/div>\n\t\t<\/div>\n\t\t\t\t\t<\/div>\n\t\t<\/section>\n\t\t\t\t<section class=\"elementor-section elementor-top-section elementor-element elementor-element-1ada845 elementor-section-boxed elementor-section-height-default elementor-section-height-default\" data-id=\"1ada845\" data-element_type=\"section\" data-e-type=\"section\">\n\t\t\t\t\t\t<div class=\"elementor-container elementor-column-gap-default\">\n\t\t\t\t\t<div class=\"elementor-column elementor-col-100 elementor-top-column elementor-element elementor-element-f8bf482\" data-id=\"f8bf482\" data-element_type=\"column\" data-e-type=\"column\">\n\t\t\t<div class=\"elementor-widget-wrap elementor-element-populated\">\n\t\t\t\t\t\t<div class=\"elementor-element elementor-element-119697c elementor-invisible elementor-widget elementor-widget-heading\" data-id=\"119697c\" data-element_type=\"widget\" data-e-type=\"widget\" data-settings=\"{&quot;_animation&quot;:&quot;fadeInUp&quot;}\" data-widget_type=\"heading.default\">\n\t\t\t\t<div class=\"elementor-widget-container\">\n\t\t\t\t\t<h2 class=\"elementor-heading-title elementor-size-default\"><a href=\"https:\/\/singularsound.com\/product\/aeros-loop-studio\/?ap_id=ViolinVersatil10\">10% OFF DISCCOUNT CODE: \n<b>ViolinVersatil10<\/b><\/a><\/h2>\t\t\t\t<\/div>\n\t\t\t\t<\/div>\n\t\t\t\t\t<\/div>\n\t\t<\/div>\n\t\t\t\t\t<\/div>\n\t\t<\/section>\n\t\t\t\t<\/div>\n\t\t","protected":false},"excerpt":{"rendered":"<p>AEROS Loop Studio Eduardo es uno de los embajadores de SINGULAR SOUND. El AEROS Loop Studio junto al BeatBuddy han llevado el proceso de hacer loops en el viol\u00edn al siguiente nivel. https:\/\/youtu.be\/DA9ih-zJ4-c 10% DE DESCUENTO USANDO EL C\u00d3DIGO: ViolinVersatil10 C\u00d3DIGO: ViolinVersatil10 Como parte de la asociaci\u00f3n, Singular Sound ofrece un descuento especial para todos [&hellip;]<\/p>\n","protected":false},"author":2,"featured_media":0,"parent":0,"menu_order":0,"comment_status":"closed","ping_status":"closed","template":"","meta":{"sfsi_plus_gutenberg_text_before_share":"","sfsi_plus_gutenberg_show_text_before_share":"","sfsi_plus_gutenberg_icon_type":"","sfsi_plus_gutenberg_icon_alignemt":"","sfsi_plus_gutenburg_max_per_row":"","footnotes":""},"class_list":["post-2253","page","type-page","status-publish","hentry"],"_links":{"self":[{"href":"https:\/\/eduardobortolotti.com\/es\/wp-json\/wp\/v2\/pages\/2253","targetHints":{"allow":["GET"]}}],"collection":[{"href":"https:\/\/eduardobortolotti.com\/es\/wp-json\/wp\/v2\/pages"}],"about":[{"href":"https:\/\/eduardobortolotti.com\/es\/wp-json\/wp\/v2\/types\/page"}],"author":[{"embeddable":true,"href":"https:\/\/eduardobortolotti.com\/es\/wp-json\/wp\/v2\/users\/2"}],"replies":[{"embeddable":true,"href":"https:\/\/eduardobortolotti.com\/es\/wp-json\/wp\/v2\/comments?post=2253"}],"version-history":[{"count":9,"href":"https:\/\/eduardobortolotti.com\/es\/wp-json\/wp\/v2\/pages\/2253\/revisions"}],"predecessor-version":[{"id":2341,"href":"https:\/\/eduardobortolotti.com\/es\/wp-json\/wp\/v2\/pages\/2253\/revisions\/2341"}],"wp:attachment":[{"href":"https:\/\/eduardobortolotti.com\/es\/wp-json\/wp\/v2\/media?parent=2253"}],"curies":[{"name":"wp","href":"https:\/\/api.w.org\/{rel}","templated":true}]}}