{"id":2121,"date":"2020-12-06T12:59:16","date_gmt":"2020-12-06T10:59:16","guid":{"rendered":"https:\/\/eduardobortolotti.com\/dziekuje-za-zakup\/"},"modified":"2021-03-24T12:24:01","modified_gmt":"2021-03-24T10:24:01","slug":"dziekuje-za-zakup","status":"publish","type":"page","link":"https:\/\/eduardobortolotti.com\/es\/dziekuje-za-zakup\/","title":{"rendered":"Gracias por su compra"},"content":{"rendered":"\t\t<div data-elementor-type=\"wp-page\" data-elementor-id=\"2121\" class=\"elementor elementor-2121 elementor-1715\">\n\t\t\t\t\t\t<section class=\"elementor-section elementor-top-section elementor-element elementor-element-515caf0 elementor-section-boxed elementor-section-height-default elementor-section-height-default\" data-id=\"515caf0\" data-element_type=\"section\" data-e-type=\"section\">\n\t\t\t\t\t\t<div class=\"elementor-container elementor-column-gap-default\">\n\t\t\t\t\t<div class=\"elementor-column elementor-col-100 elementor-top-column elementor-element elementor-element-844133c\" data-id=\"844133c\" data-element_type=\"column\" data-e-type=\"column\">\n\t\t\t<div class=\"elementor-widget-wrap elementor-element-populated\">\n\t\t\t\t\t\t<div class=\"elementor-element elementor-element-6af8159 elementor-invisible elementor-widget elementor-widget-heading\" data-id=\"6af8159\" data-element_type=\"widget\" data-e-type=\"widget\" data-settings=\"{&quot;_animation&quot;:&quot;fadeIn&quot;}\" data-widget_type=\"heading.default\">\n\t\t\t\t<div class=\"elementor-widget-container\">\n\t\t\t\t\t<h1 class=\"elementor-heading-title elementor-size-default\">GRACIAS POR EL PAGO<\/h1>\t\t\t\t<\/div>\n\t\t\t\t<\/div>\n\t\t\t\t<div class=\"elementor-element elementor-element-a8ef434 elementor-invisible elementor-widget elementor-widget-text-editor\" data-id=\"a8ef434\" data-element_type=\"widget\" data-e-type=\"widget\" data-settings=\"{&quot;_animation&quot;:&quot;fadeIn&quot;}\" data-widget_type=\"text-editor.default\">\n\t\t\t\t<div class=\"elementor-widget-container\">\n\t\t\t\t\t\t\t\t\t<h2 style=\"text-align: center;\">LA TRANSACCI\u00d3N HA SIDO COMPLETADA<\/h2>\t\t\t\t\t\t\t\t<\/div>\n\t\t\t\t<\/div>\n\t\t\t\t<section class=\"elementor-section elementor-inner-section elementor-element elementor-element-f0155ac elementor-section-boxed elementor-section-height-default elementor-section-height-default\" data-id=\"f0155ac\" data-element_type=\"section\" data-e-type=\"section\">\n\t\t\t\t\t\t<div class=\"elementor-container elementor-column-gap-default\">\n\t\t\t\t\t<div class=\"elementor-column elementor-col-50 elementor-inner-column elementor-element elementor-element-ad5e03c\" data-id=\"ad5e03c\" data-element_type=\"column\" data-e-type=\"column\">\n\t\t\t<div class=\"elementor-widget-wrap elementor-element-populated\">\n\t\t\t\t\t\t<div class=\"elementor-element elementor-element-5d4a982 elementor-widget elementor-widget-text-editor\" data-id=\"5d4a982\" data-element_type=\"widget\" data-e-type=\"widget\" data-widget_type=\"text-editor.default\">\n\t\t\t\t<div class=\"elementor-widget-container\">\n\t\t\t\t\t\t\t\t\t<h3 style=\"text-align: center;\">SE HA ENVIADO LA CONFIRMACI\u00d3N DE COMPRA POR CORREO ELECTR\u00d3NICO.<\/h3><div>\u00a0<\/div>\t\t\t\t\t\t\t\t<\/div>\n\t\t\t\t<\/div>\n\t\t\t\t<div class=\"elementor-element elementor-element-7ac621c elementor-view-default elementor-widget elementor-widget-icon\" data-id=\"7ac621c\" data-element_type=\"widget\" data-e-type=\"widget\" data-widget_type=\"icon.default\">\n\t\t\t\t<div class=\"elementor-widget-container\">\n\t\t\t\t\t\t\t<div class=\"elementor-icon-wrapper\">\n\t\t\t<div class=\"elementor-icon\">\n\t\t\t<i aria-hidden=\"true\" class=\"fas fa-mail-bulk\"><\/i>\t\t\t<\/div>\n\t\t<\/div>\n\t\t\t\t\t\t<\/div>\n\t\t\t\t<\/div>\n\t\t\t\t\t<\/div>\n\t\t<\/div>\n\t\t\t\t<div class=\"elementor-column elementor-col-50 elementor-inner-column elementor-element elementor-element-2db474e\" data-id=\"2db474e\" data-element_type=\"column\" data-e-type=\"column\">\n\t\t\t<div class=\"elementor-widget-wrap elementor-element-populated\">\n\t\t\t\t\t\t<div class=\"elementor-element elementor-element-07fe4d8 elementor-widget elementor-widget-text-editor\" data-id=\"07fe4d8\" data-element_type=\"widget\" data-e-type=\"widget\" data-widget_type=\"text-editor.default\">\n\t\t\t\t<div class=\"elementor-widget-container\">\n\t\t\t\t\t\t\t\t\t<h3 style=\"text-align: center;\">TAMBI\u00c9N PUEDES INICIAR SESI\u00d3N EN TU CUENTA DE PAYPAL PARA VER LOS DETALLES DE LA TRANSACCI\u00d3N.<\/h3>\t\t\t\t\t\t\t\t<\/div>\n\t\t\t\t<\/div>\n\t\t\t\t<div class=\"elementor-element elementor-element-f3ca19c elementor-view-default elementor-widget elementor-widget-icon\" data-id=\"f3ca19c\" data-element_type=\"widget\" data-e-type=\"widget\" data-widget_type=\"icon.default\">\n\t\t\t\t<div class=\"elementor-widget-container\">\n\t\t\t\t\t\t\t<div class=\"elementor-icon-wrapper\">\n\t\t\t<div class=\"elementor-icon\">\n\t\t\t<i aria-hidden=\"true\" class=\"fab fa-cc-paypal\"><\/i>\t\t\t<\/div>\n\t\t<\/div>\n\t\t\t\t\t\t<\/div>\n\t\t\t\t<\/div>\n\t\t\t\t\t<\/div>\n\t\t<\/div>\n\t\t\t\t\t<\/div>\n\t\t<\/section>\n\t\t\t\t<section class=\"elementor-section elementor-inner-section elementor-element elementor-element-bd68930 elementor-section-boxed elementor-section-height-default elementor-section-height-default\" data-id=\"bd68930\" data-element_type=\"section\" data-e-type=\"section\">\n\t\t\t\t\t\t<div class=\"elementor-container elementor-column-gap-default\">\n\t\t\t\t\t<div class=\"elementor-column elementor-col-50 elementor-inner-column elementor-element elementor-element-20dd466\" data-id=\"20dd466\" data-element_type=\"column\" data-e-type=\"column\">\n\t\t\t<div class=\"elementor-widget-wrap elementor-element-populated\">\n\t\t\t\t\t\t<div class=\"elementor-element elementor-element-7a893e4 elementor-widget elementor-widget-image\" data-id=\"7a893e4\" data-element_type=\"widget\" data-e-type=\"widget\" data-widget_type=\"image.default\">\n\t\t\t\t<div class=\"elementor-widget-container\">\n\t\t\t\t\t\t\t\t\t\t\t\t\t\t\t<img fetchpriority=\"high\" decoding=\"async\" width=\"300\" height=\"300\" src=\"https:\/\/eduardobortolotti.com\/wp-content\/uploads\/2020\/12\/Cover-Streaming-Platforms-webiste-300x300.jpg\" class=\"attachment-medium size-medium wp-image-1509\" alt=\"Huapango Nights\" srcset=\"https:\/\/eduardobortolotti.com\/wp-content\/uploads\/2020\/12\/Cover-Streaming-Platforms-webiste-300x300.jpg 300w, https:\/\/eduardobortolotti.com\/wp-content\/uploads\/2020\/12\/Cover-Streaming-Platforms-webiste-1024x1024.jpg 1024w, https:\/\/eduardobortolotti.com\/wp-content\/uploads\/2020\/12\/Cover-Streaming-Platforms-webiste-150x150.jpg 150w, https:\/\/eduardobortolotti.com\/wp-content\/uploads\/2020\/12\/Cover-Streaming-Platforms-webiste-768x768.jpg 768w, https:\/\/eduardobortolotti.com\/wp-content\/uploads\/2020\/12\/Cover-Streaming-Platforms-webiste-1536x1536.jpg 1536w, https:\/\/eduardobortolotti.com\/wp-content\/uploads\/2020\/12\/Cover-Streaming-Platforms-webiste-2048x2048.jpg 2048w, https:\/\/eduardobortolotti.com\/wp-content\/uploads\/2020\/12\/Cover-Streaming-Platforms-webiste-530x530.jpg 530w, https:\/\/eduardobortolotti.com\/wp-content\/uploads\/2020\/12\/Cover-Streaming-Platforms-webiste-600x600.jpg 600w, https:\/\/eduardobortolotti.com\/wp-content\/uploads\/2020\/12\/Cover-Streaming-Platforms-webiste-100x100.jpg 100w, https:\/\/eduardobortolotti.com\/wp-content\/uploads\/2020\/12\/Cover-Streaming-Platforms-webiste-60x60.jpg 60w, https:\/\/eduardobortolotti.com\/wp-content\/uploads\/2020\/12\/Cover-Streaming-Platforms-webiste-90x90.jpg 90w, https:\/\/eduardobortolotti.com\/wp-content\/uploads\/2020\/12\/elementor\/thumbs\/Cover-Streaming-Platforms-webiste-oz8qomb28i2j6detnn98abnwfc0wrlw2aae912rh90.jpg 450w\" sizes=\"(max-width: 300px) 100vw, 300px\" \/>\t\t\t\t\t\t\t\t\t\t\t\t\t\t\t<\/div>\n\t\t\t\t<\/div>\n\t\t\t\t\t<\/div>\n\t\t<\/div>\n\t\t\t\t<div class=\"elementor-column elementor-col-50 elementor-inner-column elementor-element elementor-element-211202b\" data-id=\"211202b\" data-element_type=\"column\" data-e-type=\"column\">\n\t\t\t<div class=\"elementor-widget-wrap elementor-element-populated\">\n\t\t\t\t\t\t<div class=\"elementor-element elementor-element-b92a25d elementor-widget elementor-widget-text-editor\" data-id=\"b92a25d\" data-element_type=\"widget\" data-e-type=\"widget\" data-widget_type=\"text-editor.default\">\n\t\t\t\t<div class=\"elementor-widget-container\">\n\t\t\t\t\t\t\t\t\t<h3 style=\"text-align: center;\">Si tienes m\u00e1s preguntas o quieres cambiar algo o agregar algo, \u00a1tambi\u00e9n puedes escribirme!<\/h3>\t\t\t\t\t\t\t\t<\/div>\n\t\t\t\t<\/div>\n\t\t\t\t<div class=\"elementor-element elementor-element-e0ab259 elementor-view-default elementor-invisible elementor-widget elementor-widget-icon\" data-id=\"e0ab259\" data-element_type=\"widget\" data-e-type=\"widget\" data-settings=\"{&quot;_animation&quot;:&quot;zoomInLeft&quot;}\" data-widget_type=\"icon.default\">\n\t\t\t\t<div class=\"elementor-widget-container\">\n\t\t\t\t\t\t\t<div class=\"elementor-icon-wrapper\">\n\t\t\t<a class=\"elementor-icon\" href=\"https:\/\/eduardobortolotti.com\/es\/contacto\/\">\n\t\t\t<i aria-hidden=\"true\" class=\"fas fa-paper-plane\"><\/i>\t\t\t<\/a>\n\t\t<\/div>\n\t\t\t\t\t\t<\/div>\n\t\t\t\t<\/div>\n\t\t\t\t\t<\/div>\n\t\t<\/div>\n\t\t\t\t\t<\/div>\n\t\t<\/section>\n\t\t\t\t<div class=\"elementor-element elementor-element-84d4d2e elementor-widget-divider--view-line elementor-widget elementor-widget-divider\" data-id=\"84d4d2e\" data-element_type=\"widget\" data-e-type=\"widget\" data-widget_type=\"divider.default\">\n\t\t\t\t<div class=\"elementor-widget-container\">\n\t\t\t\t\t\t\t<div class=\"elementor-divider\">\n\t\t\t<span class=\"elementor-divider-separator\">\n\t\t\t\t\t\t<\/span>\n\t\t<\/div>\n\t\t\t\t\t\t<\/div>\n\t\t\t\t<\/div>\n\t\t\t\t\t<\/div>\n\t\t<\/div>\n\t\t\t\t\t<\/div>\n\t\t<\/section>\n\t\t\t\t<section class=\"elementor-section elementor-top-section elementor-element elementor-element-3d943cd elementor-section-boxed elementor-section-height-default elementor-section-height-default\" data-id=\"3d943cd\" data-element_type=\"section\" data-e-type=\"section\">\n\t\t\t\t\t\t<div class=\"elementor-container elementor-column-gap-default\">\n\t\t\t\t\t<div class=\"elementor-column elementor-col-100 elementor-top-column elementor-element elementor-element-61e5f12\" data-id=\"61e5f12\" data-element_type=\"column\" data-e-type=\"column\">\n\t\t\t<div class=\"elementor-widget-wrap elementor-element-populated\">\n\t\t\t\t\t\t<div class=\"elementor-element elementor-element-60f4927 elementor-widget elementor-widget-video\" data-id=\"60f4927\" data-element_type=\"widget\" data-e-type=\"widget\" data-settings=\"{&quot;youtube_url&quot;:&quot;https:\\\/\\\/youtu.be\\\/QFuL3IyjfZw&quot;,&quot;autoplay&quot;:&quot;yes&quot;,&quot;loop&quot;:&quot;yes&quot;,&quot;video_type&quot;:&quot;youtube&quot;,&quot;controls&quot;:&quot;yes&quot;}\" data-widget_type=\"video.default\">\n\t\t\t\t<div class=\"elementor-widget-container\">\n\t\t\t\t\t\t\t<div class=\"elementor-wrapper elementor-open-inline\">\n\t\t\t<div class=\"elementor-video\"><\/div>\t\t<\/div>\n\t\t\t\t\t\t<\/div>\n\t\t\t\t<\/div>\n\t\t\t\t\t<\/div>\n\t\t<\/div>\n\t\t\t\t\t<\/div>\n\t\t<\/section>\n\t\t\t\t<section class=\"elementor-section elementor-top-section elementor-element elementor-element-3e4c008 elementor-section-boxed elementor-section-height-default elementor-section-height-default\" data-id=\"3e4c008\" data-element_type=\"section\" data-e-type=\"section\">\n\t\t\t\t\t\t<div class=\"elementor-container elementor-column-gap-default\">\n\t\t\t\t\t<div class=\"elementor-column elementor-col-100 elementor-top-column elementor-element elementor-element-a142140\" data-id=\"a142140\" data-element_type=\"column\" data-e-type=\"column\">\n\t\t\t<div class=\"elementor-widget-wrap elementor-element-populated\">\n\t\t\t\t\t\t<div class=\"elementor-element elementor-element-1f6e829 elementor-widget-divider--view-line elementor-widget elementor-widget-divider\" data-id=\"1f6e829\" data-element_type=\"widget\" data-e-type=\"widget\" data-widget_type=\"divider.default\">\n\t\t\t\t<div class=\"elementor-widget-container\">\n\t\t\t\t\t\t\t<div class=\"elementor-divider\">\n\t\t\t<span class=\"elementor-divider-separator\">\n\t\t\t\t\t\t<\/span>\n\t\t<\/div>\n\t\t\t\t\t\t<\/div>\n\t\t\t\t<\/div>\n\t\t\t\t\t<\/div>\n\t\t<\/div>\n\t\t\t\t\t<\/div>\n\t\t<\/section>\n\t\t\t\t<\/div>\n\t\t","protected":false},"excerpt":{"rendered":"<p>GRACIAS POR EL PAGO LA TRANSACCI\u00d3N HA SIDO COMPLETADA SE HA ENVIADO LA CONFIRMACI\u00d3N DE COMPRA POR CORREO ELECTR\u00d3NICO. \u00a0 TAMBI\u00c9N PUEDES INICIAR SESI\u00d3N EN TU CUENTA DE PAYPAL PARA VER LOS DETALLES DE LA TRANSACCI\u00d3N. Si tienes m\u00e1s preguntas o quieres cambiar algo o agregar algo, \u00a1tambi\u00e9n puedes escribirme!<\/p>\n","protected":false},"author":4,"featured_media":0,"parent":0,"menu_order":0,"comment_status":"closed","ping_status":"closed","template":"elementor_header_footer","meta":{"sfsi_plus_gutenberg_text_before_share":"","sfsi_plus_gutenberg_show_text_before_share":"","sfsi_plus_gutenberg_icon_type":"","sfsi_plus_gutenberg_icon_alignemt":"","sfsi_plus_gutenburg_max_per_row":"","footnotes":""},"class_list":["post-2121","page","type-page","status-publish","hentry"],"_links":{"self":[{"href":"https:\/\/eduardobortolotti.com\/es\/wp-json\/wp\/v2\/pages\/2121","targetHints":{"allow":["GET"]}}],"collection":[{"href":"https:\/\/eduardobortolotti.com\/es\/wp-json\/wp\/v2\/pages"}],"about":[{"href":"https:\/\/eduardobortolotti.com\/es\/wp-json\/wp\/v2\/types\/page"}],"author":[{"embeddable":true,"href":"https:\/\/eduardobortolotti.com\/es\/wp-json\/wp\/v2\/users\/4"}],"replies":[{"embeddable":true,"href":"https:\/\/eduardobortolotti.com\/es\/wp-json\/wp\/v2\/comments?post=2121"}],"version-history":[{"count":5,"href":"https:\/\/eduardobortolotti.com\/es\/wp-json\/wp\/v2\/pages\/2121\/revisions"}],"predecessor-version":[{"id":2132,"href":"https:\/\/eduardobortolotti.com\/es\/wp-json\/wp\/v2\/pages\/2121\/revisions\/2132"}],"wp:attachment":[{"href":"https:\/\/eduardobortolotti.com\/es\/wp-json\/wp\/v2\/media?parent=2121"}],"curies":[{"name":"wp","href":"https:\/\/api.w.org\/{rel}","templated":true}]}}